{"id":1022,"date":"2022-01-12T13:04:58","date_gmt":"2022-01-12T13:04:58","guid":{"rendered":"http:\/\/hortusmusicalis.fr\/?page_id=1022"},"modified":"2022-12-29T14:44:05","modified_gmt":"2022-12-29T14:44:05","slug":"concerts-2022","status":"publish","type":"page","link":"https:\/\/hortusmusicalis.fr\/?page_id=1022","title":{"rendered":"Concerts 2022"},"content":{"rendered":"<p><strong>Dimanche 30 janvier 2022 \u00e0 16h00 Eglise protestante de BOUXWILLER<\/strong><br \/>\n<strong>Festival CUIVRISSIMO<\/strong><br \/>\n\u00ab\u00a0Cuivres anciens\u00a0\u00bb<br \/>\nOeuvre des XVII\u00e8me et XVIII\u00e8me si\u00e8cles<br \/>\nThomas NEUBERTH trompettes anciennes, Thierry SPIESSER sacqueboute, Jean-Luc IFFRIG orgue<\/p>\n<p><strong>Samedi 26 f\u00e9vrier \u00e0 20h00 Eglise protestante de BOUXWILLER<br \/>\n<em>Po\u00e8mes \u00e0 la nuit<\/em> Rainer Marie Rilke<br \/>\n<\/strong>Texte et musique au clavicorde<br \/>\nOeuvre de JS Bach, CPE Bach, WF Bach, JG M\u00fcthel<br \/>\nElo\u00efse TREAND et Ren\u00e9 SCHIRRER com\u00e9diens<br \/>\nJean-Luc IFFRIG clavicorde<\/p>\n<p><strong>ACTUS TRAGICUS <\/strong><strong>Mars 2022<\/strong><br \/>\n<b>Samedi 19 mars 2022<\/b> : g\u00e9n\u00e9rale publique \u00e0 OFFWILLER<br \/>\n<b>Dimanche 20 mars 17h00<\/b>\u00a0: Concert \u00e0 HAGUENAU \u00e9glise protestante<br \/>\n<b>Samedi 26 mars 2022<\/b>\u00a0\u00e0 20h00 : Concert \u00e0 STRASBOURG Ste Aur\u00e9lie<br \/>\n<b>Dimanche 27 mars 2022<\/b>\u00a0\u00e0 16h00 : Concert \u00e0 MULHOUSE Ste Marie<br \/>\n<strong>\u00a0 \u00a0Johann Sebastian BACH<\/strong> Cantate BWV 106 et 4<br \/>\n<strong>\u00a0 \u00a0Andreas WECKMANN \u00ab\u00a0<\/strong>Wie liegt die Stadt so w\u00fcste\u00a0\u00bb<br \/>\n<strong>\u00a0 \u00a0Johann Christoph BACH<\/strong><b> \u00ab\u00a0<\/b>Wie bist du denn o Gott\u00a0\u00bb et \u00ab\u00a0Ach das ich Wassers gnug h\u00e4tte\u00a0\u00bb<\/p>\n<p><strong>Dimanche 24 avril 2022 \u00e0 17h00 Eglise Sainte-Marie MULHOUSE<\/strong><br \/>\n<em><strong>STYLUS PHANTASTICUS<\/strong><\/em><br \/>\nOeuvres de Buxtehude, Reincken Frescobaldi, Biber, K\u00fchnel<br \/>\nLaurine RIGHYNI viole de gambe, David BRINKERT violon, Jean-Luc IFFRIG clavecin<\/p>\n<p><strong>Samedi 30 avril 2022 \u00e0 17h00 Eglise prot BOUXWILLER<\/strong><br \/>\n<em><strong>STYLUS PHANTASTICUS<\/strong><\/em><br \/>\nOeuvres de Buxtehude, Reincken Frescobaldi, Biber, K\u00fchnel<br \/>\nLaurine RIGHYNI viole de gambe, David BRINKERT violon, Jean-Luc IFFRIG clavecin<\/p>\n<p><strong>Jeudi 11 ao\u00fbt 2022<\/strong><br \/>\n<em><strong>Festival L&rsquo;HEURE DE L&rsquo;ORGUE 2022 \u00e0 EMBRUN<\/strong><\/em><br \/>\nOeuvres de A. Kerkhoven, A. van Noordt, F. Roberday, J. Titelouze, H. Sch\u00fctz, JP Sweelinck, G Frescobaldi, Cl. Monteverdi<br \/>\n<em>L&rsquo;Europe musicale au XVII\u00e8me si\u00e8cle<\/em><br \/>\nB\u00e9atrice DUNOYER soprano, Laura PHELUT mezzo-soprano<br \/>\nJean-Luc IFFRIG orgue<\/p>\n<p>&nbsp;<\/p>\n<p><strong>Automne 2022<\/strong><\/p>\n<p>Dimanche 11 septembre 2022 Orp-le-Grand (Belgique)<br \/>\n<strong>Festival \u00ab\u00a0Voce@Organo\u00a0\u00bb\u00a0<\/strong><br \/>\nOeuvres de A. Kerkhoven, A. van Noordt, F. Roberday, J. Titelouze, H. Sch\u00fctz, JP Sweelinck, G Frescobaldi, Cl. Monteverdi<br \/>\n<em>L&rsquo;Europe musicale au XVII\u00e8me si\u00e8cle<\/em><br \/>\nB\u00e9atrice DUNOYER soprano, Laura PHELUT mezzo-soprano<br \/>\nJean-Luc IFFRIG orgue<\/p>\n<p><strong>Samedi 24 septembre 2022 \u00e0 20h00 Eglise prot SARRE-UNION<\/strong><br \/>\n<em><strong>STYLUS PHANTASTICUS<\/strong><\/em><br \/>\nOeuvres de Buxtehude, Reincken Frescobaldi, Biber, K\u00fchnel<br \/>\nLaurine RIGHYNI viole de gambe, David BRINKERT violon, Jean-Luc IFFRIG clavecin<\/p>\n<p>&nbsp;<\/p>\n","protected":false},"excerpt":{"rendered":"<p>Dimanche 30 janvier 2022 \u00e0 16h00 Eglise protestante de BOUXWILLER Festival CUIVRISSIMO \u00ab\u00a0Cuivres anciens\u00a0\u00bb Oeuvre des XVII\u00e8me et XVIII\u00e8me si\u00e8cles Thomas NEUBERTH trompettes anciennes, Thierry SPIESSER sacqueboute, Jean-Luc IFFRIG orgue<a href=\"https:\/\/hortusmusicalis.fr\/?page_id=1022\" class=\"more-link\"><span class=\"readmore\">Continue reading<span class=\"screen-reader-text\">Concerts 2022<\/span><\/span><\/a><\/p>\n","protected":false},"author":1,"featured_media":0,"parent":0,"menu_order":0,"comment_status":"closed","ping_status":"closed","template":"","meta":{"footnotes":""},"class_list":["post-1022","page","type-page","status-publish","hentry"],"_links":{"self":[{"href":"https:\/\/hortusmusicalis.fr\/index.php?rest_route=\/wp\/v2\/pages\/1022","targetHints":{"allow":["GET"]}}],"collection":[{"href":"https:\/\/hortusmusicalis.fr\/index.php?rest_route=\/wp\/v2\/pages"}],"about":[{"href":"https:\/\/hortusmusicalis.fr\/index.php?rest_route=\/wp\/v2\/types\/page"}],"author":[{"embeddable":true,"href":"https:\/\/hortusmusicalis.fr\/index.php?rest_route=\/wp\/v2\/users\/1"}],"replies":[{"embeddable":true,"href":"https:\/\/hortusmusicalis.fr\/index.php?rest_route=%2Fwp%2Fv2%2Fcomments&post=1022"}],"version-history":[{"count":6,"href":"https:\/\/hortusmusicalis.fr\/index.php?rest_route=\/wp\/v2\/pages\/1022\/revisions"}],"predecessor-version":[{"id":1078,"href":"https:\/\/hortusmusicalis.fr\/index.php?rest_route=\/wp\/v2\/pages\/1022\/revisions\/1078"}],"wp:attachment":[{"href":"https:\/\/hortusmusicalis.fr\/index.php?rest_route=%2Fwp%2Fv2%2Fmedia&parent=1022"}],"curies":[{"name":"wp","href":"https:\/\/api.w.org\/{rel}","templated":true}]}}