{"id":1080,"date":"2022-12-29T18:07:51","date_gmt":"2022-12-29T18:07:51","guid":{"rendered":"http:\/\/hortusmusicalis.fr\/?page_id=1080"},"modified":"2023-12-10T07:50:49","modified_gmt":"2023-12-10T07:50:49","slug":"2023-2","status":"publish","type":"page","link":"https:\/\/hortusmusicalis.fr\/?page_id=1080","title":{"rendered":"2023"},"content":{"rendered":"<p><strong>Dimanche 5 f\u00e9vrier 2023 \u00e0 16h00 Eglise protestante de BOUXWILLER<\/strong><br \/>\n<strong>Musique au Pays de Hanau<\/strong><br \/>\n<em>R\u00e9cital de Lieder sur des textes de GOETHE<\/em><br \/>\nOeuvres de Beethoven, Schubert, Schumann, Brahms<br \/>\nChristophe EINHORN t\u00e9nor, Jean-Luc IFFRIG piano<br \/>\nPiano carr\u00e9 SCHIEDMAYER 1870<br \/>\n<strong><br \/>\nSamedi 11 f\u00e9vrier 2023 \u00e0 20h00 Eglise prot SARRE-UNION<br \/>\nDimanche 12 f\u00e9vrier 16h00 Eglise Sainte-Marie MULHOUSE<\/strong><br \/>\n<em><strong>STYLUS PHANTASTICUS<\/strong><\/em><br \/>\nOeuvres de Buxtehude, Reincken Frescobaldi, Biber, K\u00fchnel<br \/>\nLaurine RIGHYNI viole de gambe, David BRINKERT violon, Jean-Luc IFFRIG clavecin<\/p>\n<p><strong>Samedi 4 mars 2023 \u00e0 20h00 Eglise Protestante de BOUXWILLER<\/strong><br \/>\n<strong><em>Autour de Sonates de JS et CPE BACH<\/em><\/strong><br \/>\net de deux oeuvres de J-Ch ROSAZ oeuvre<br \/>\nLaurien RIGHYNI viole de gambe, Jean-Luc IFFRIG piano<\/p>\n<p><strong>Samedi 11 mars 2023 \u00e0 16h00 Eglise Saint-Louis \u00e0 SAINT-ETIENNE<\/strong><br \/>\n<em><strong>L&rsquo;Orph\u00e9e d&rsquo;Amsterdam<\/strong><\/em><br \/>\nMusique autour de JP SWEELINCK, ses ma\u00eetres et ses \u00e9l\u00e8ves<br \/>\nPhilippe FROELIGER t\u00e9nor, Thierry SPIESSER Sacqueboute, Jean-Luc IFFRIG orgue<\/p>\n<p><strong>Dimanche 19 mars 2023 \u00e0 16h00 Eglise protestante luth\u00e9rienne de WEITERSWILLER<\/strong><br \/>\n<em><strong>Le\u00e7ons de T\u00e9n\u00e9bres de Fr; COUPERIN<\/strong><\/em><br \/>\nLilia DORNHOF soprano,<br \/>\nLaura PHELUT mezzo-soprano,<br \/>\nLaurine RIGHYNI viole de Gambe,<br \/>\nJean-Luc IFFRIG orgue<\/p>\n<p><strong>Dimanche 2 avril 2023 17h00 SAINT-PATERNE-RACAN<\/strong><br \/>\n<em><strong>Vents du Sud<\/strong><\/em><br \/>\nOeuvres de A. Kerkhoven, A. van Noordt, F. Roberday, J. Titelouze, H. Sch\u00fctz, JP Sweelinck, G Frescobaldi, Cl. Monteverdi<br \/>\n<em>L\u2019Europe musicale au XVII\u00e8me si\u00e8cle<\/em><br \/>\nB\u00e9atrice DUNOYER soprano, Laura PHELUT mezzo-soprano, Jean-Luc IFFRIG orgue<\/p>\n<p><strong>Dimanche 7 mai 2023 \u00e0 17h00 Coll\u00e9giale de TAHNN<\/strong><br \/>\n<em><strong>Autour de Max REGER<\/strong><\/em><br \/>\nQuatuor vocal et orgue<br \/>\nCl\u00e9mence MILLET, soprano<br \/>\nLaura PHELUT alto<br \/>\nDenis LECOQ t\u00e9nor<br \/>\nRen\u00e9 SCHIRRER basse<br \/>\nJean-Luc IFFRIG orgue<\/p>\n<p align=\"LEFT\"><b>14 mai 2023 NEUWILLER-LES-SAVERNE \u00e9glise prot<br \/>\n<\/b>Dowland etPurcell songs<br \/>\nFr\u00e9d\u00e9ric SCHWAB contre-t\u00e9nor, Jean-Luc IFFRIG clavecin<\/p>\n<p><strong>Mardi 9 mai 2023 \u00e0 20h00 Eglise protestante de BOUXWILLER<\/strong><br \/>\n<strong>Vendredi 19 mai 2023 \u00e0 20h00 Eglise Sainte-Aur\u00e9lie STRASBOURG<\/strong><br \/>\n<em><strong>Musique autour de Martin BUCER &#8211; Les d\u00e9buts de la R\u00e9forme \u00e0 Strasbourg\u00a0<\/strong><\/em><br \/>\nJulien FREYMUTH contre-t\u00e9nor<br \/>\nGabriel BOILEAU-CLOUTIER t\u00e9nor<br \/>\nJean MOISSONNIER basse<br \/>\nMarien MAIRET violon<br \/>\nMarianne RYDZEK viole de gambe<br \/>\nMarie Paule LEFEBVRE viole de gambe<br \/>\nJ\u00e9r\u00f4me MONDESERT, Jean-Fran\u00e7ois HABERER, Yuki MITZUTANI claviers (orgue, clavecin, clavicorde)<br \/>\nJean-Luc IFFRIG direction<\/p>\n<p><strong>Jeudi 6 juillet 2023 \u00e0 18h00 Temple de PAU<br \/>\nDimanche 23 juillet 2023 \u00e0 17h00 Cath\u00e9drale de METZ orgue du Triforium<\/strong><br \/>\n<strong>Vents du Sud 2.0<\/strong><br \/>\nOeuvres de A. Kerkhoven, PA Charpy F. Roberday, J. Titelouze, H. Sch\u00fctz, JP Sweelinck, JL Iffrig, Cl. Monteverdi<br \/>\n<em>L\u2019Europe musicale au XVII\u00e8me si\u00e8cle&#8230; et du XXI\u00e8me si\u00e8cle<\/em><br \/>\nB\u00e9atrice DUNOYER soprano, Laura PHELUT mezzo-soprano, Jean-Luc IFFRIG orgue<\/p>\n<p><strong>Samedi 11 novembre 2023 \u00e0 17h00 Eglise protestante de Haguenau<\/strong><br \/>\n<strong>Dimanche 12 novembre 2023 \u00e0 17h00<\/strong><br \/>\n<strong>Requiem de MOZART (version Carl CZERNY 1817)<br \/>\n<\/strong>Choeur et piano \u00e0 4 mains<\/p>\n<table style=\"height: 71px; width: 100%; border-collapse: collapse; border-style: solid;\">\n<tbody>\n<tr style=\"height: 71px;\">\n<td style=\"width: 20.2127%; height: 71px;\"><strong>Soprano :<br \/>\n<\/strong>Lilia DORNHOF<br \/>\nSara TABOADA<br \/>\nS\u00e9verine WIOT<\/td>\n<td style=\"width: 23.5374%; height: 71px;\"><strong>Alto :<br \/>\n<\/strong>Laura PHELUT<br \/>\nGvantsa GAGNIDZE<br \/>\nCamille LASSERRE<\/td>\n<td style=\"width: 31.25%; height: 71px;\"><strong>T\u00e9nor :<br \/>\n<\/strong>Stephan OLRY<br \/>\nGabriel BOILEAU CLOUTIER<br \/>\nRapha\u00ebl JOANNE<\/td>\n<td style=\"width: 24.9999%; height: 71px;\"><strong>Basse :<\/strong><br \/>\nC\u00e9dric DOSCH<br \/>\nJean MOISSONNIER\u00a0 Lucien MOISSONNIER<\/td>\n<\/tr>\n<\/tbody>\n<\/table>\n<p style=\"text-align: center;\"><strong>Piano : Dmitry ABLOGIN &#8211; Gilad KATZNELSON<br \/>\nDirection : Jean-Luc IFFRIG<br \/>\n<\/strong><br \/>\n<a href=\"https:\/\/tinyurl.com\/HortusMozart\" target=\"_blank\" rel=\"noopener\">Billetterie HAGUENAU<\/a>\u00a0 \u00a0 \u00a0 \u00a0 \u00a0 \u00a0 <a href=\"https:\/\/www.helloasso.com\/associations\/ensemble-hortus-musicalis\/evenements\/requiem-de-wa-mozart-marmoutier\" target=\"_blank\" rel=\"noopener\">Billetterie MARMOUTIER<\/a><\/p>\n<p><strong>Samedi 9 d\u00e9cembre 2024 \u00e0 20h00 Eglise protestante HAGUENAU<\/strong><br \/>\n<strong>Samedi 16 d\u00e9cembre 2024 \u00e0 20h00 Dorfkirche RHEINM\u00dcNSTER\/SCHWARZACH<\/strong><br \/>\n<em><strong>Messe de Minuit de MC CHARPENTIER<\/strong><\/em><br \/>\nEn collaboration avec la Maitrise Sainte Philom\u00e8ne de HAGUENAU<\/p>\n","protected":false},"excerpt":{"rendered":"<p>Dimanche 5 f\u00e9vrier 2023 \u00e0 16h00 Eglise protestante de BOUXWILLER Musique au Pays de Hanau R\u00e9cital de Lieder sur des textes de GOETHE Oeuvres de Beethoven, Schubert, Schumann, Brahms Christophe<a href=\"https:\/\/hortusmusicalis.fr\/?page_id=1080\" class=\"more-link\"><span class=\"readmore\">Continue reading<span class=\"screen-reader-text\">2023<\/span><\/span><\/a><\/p>\n","protected":false},"author":1,"featured_media":0,"parent":0,"menu_order":0,"comment_status":"closed","ping_status":"closed","template":"","meta":{"footnotes":""},"class_list":["post-1080","page","type-page","status-publish","hentry"],"_links":{"self":[{"href":"https:\/\/hortusmusicalis.fr\/index.php?rest_route=\/wp\/v2\/pages\/1080","targetHints":{"allow":["GET"]}}],"collection":[{"href":"https:\/\/hortusmusicalis.fr\/index.php?rest_route=\/wp\/v2\/pages"}],"about":[{"href":"https:\/\/hortusmusicalis.fr\/index.php?rest_route=\/wp\/v2\/types\/page"}],"author":[{"embeddable":true,"href":"https:\/\/hortusmusicalis.fr\/index.php?rest_route=\/wp\/v2\/users\/1"}],"replies":[{"embeddable":true,"href":"https:\/\/hortusmusicalis.fr\/index.php?rest_route=%2Fwp%2Fv2%2Fcomments&post=1080"}],"version-history":[{"count":13,"href":"https:\/\/hortusmusicalis.fr\/index.php?rest_route=\/wp\/v2\/pages\/1080\/revisions"}],"predecessor-version":[{"id":1153,"href":"https:\/\/hortusmusicalis.fr\/index.php?rest_route=\/wp\/v2\/pages\/1080\/revisions\/1153"}],"wp:attachment":[{"href":"https:\/\/hortusmusicalis.fr\/index.php?rest_route=%2Fwp%2Fv2%2Fmedia&parent=1080"}],"curies":[{"name":"wp","href":"https:\/\/api.w.org\/{rel}","templated":true}]}}