{"id":1139,"date":"2023-11-12T08:11:03","date_gmt":"2023-11-12T08:11:03","guid":{"rendered":"https:\/\/hortusmusicalis.fr\/?page_id=1139"},"modified":"2023-11-12T08:11:03","modified_gmt":"2023-11-12T08:11:03","slug":"saison-2024","status":"publish","type":"page","link":"https:\/\/hortusmusicalis.fr\/?page_id=1139","title":{"rendered":"Saison 2024"},"content":{"rendered":"<p><strong>Samedi 24 f\u00e9vrier 2024 \u00e0 20h00 Eglise Protestante de BOUXWILLER<\/strong><br \/>\n<strong><em>Autour de Sonates de JS et CPE BACH<\/em><\/strong><br \/>\net de deux oeuvres de J-Ch ROSAZ oeuvre<br \/>\nLaurien RIGHYNI viole de gambe, Jean-Luc IFFRIG piano<\/p>\n<p><strong>Samedi 20 avril 2024 \u00e0 20h00\u00a0 \u00a0Eglise protestate de BOUXWILLER<\/strong><br \/>\n<strong>R\u00e9cital piano \u00e0 4 mains<\/strong><br \/>\nOeuvres de MOZART, SCHUBERT, BRAHMS<br \/>\nFrancis MATTER, Jean-Luc IFFRIG piano<\/p>\n<p><strong>Dimanche 28 avril 2024 \u00e0 17h00 Eglise St Guillaume STRASBOURG<\/strong><br \/>\n<strong>Concert hommage \u00e0 Fran\u00e7ois ROSS\u00c9<\/strong><br \/>\nCr\u00e9ation fran\u00e7aise de \u00ab\u00a0Erd&rsquo;Zeit\u00a0\u00bb cantate pour choeur solistes piano et orgue<\/p>\n<p><strong>Samedi 18 mai 2024 \u00e0 20h Eglise protestante de NIEDERSOULTZBACH<\/strong><br \/>\n<strong>R\u00e9cital d&rsquo;orgue<\/strong><br \/>\nFrancis MATTER, Jean-Luc IFFRIG piano Spamann 1895<\/p>\n<p style=\"text-align: left;\"><strong>Samedi 8 juin 2024 \u00e0 20h00<\/strong><br \/>\n<strong>Eglise Sainte Aur\u00e9lie STRASBOURG<\/strong><br \/>\n<strong>Dimanche 9 juin 2024 \u00e0 18h00 Hospitalkirche STUTTGART<\/strong><br \/>\n<strong>Samedi 15 juin 2024 \u00e0 20h00 Eglise protestante de BOUXWILLER<\/strong><br \/>\n<strong>Mardi 23 juillet 2\u00b024 \u00e0 20h00 Eglise Saint Maximin METZ festival \u00ab\u00a0Metz&rsquo;ival\u00a0\u00bb<\/strong><\/p>\n<p style=\"text-align: center;\"><strong>Cr\u00e9ation mondiale \u00ab\u00a0Margaret\/Sulamith\u00a0\u00bb<\/strong><br \/>\n<strong>Cantique des Cantique de Gualtiero DAZZI<\/strong><br \/>\n<strong>Madrigaux de L. LECHNER, G. FRESCOBALDI, Cl. MONTEVERDI<\/strong><\/p>\n<p><strong>Juillet 2024<\/strong><br \/>\n<strong>Tourn\u00e9e en Lituanie, 4 concerts avec deux programmes<\/strong><\/p>\n<p style=\"text-align: center;\"><em><strong>Les le\u00e7ons de t\u00e9n\u00e8bres de F. COUPERIN<\/strong><\/em><br \/>\nLilia DORNHOFF soprano<br \/>\nLaura PHELUT mezzo-sopramo<br \/>\nLaurine RIGHYNI viole de gambe<br \/>\nJean-luc IFFRIG orgue<\/p>\n<p style=\"text-align: center;\"><strong><em>Autour de Sonates de JS et CPE BACH<\/em><\/strong><br \/>\net de deux oeuvres de Philipe HERSANT<br \/>\nLaurien RIGHYNI viole de gambe, Jean-Luc IFFRIG piano<\/p>\n","protected":false},"excerpt":{"rendered":"<p>Samedi 24 f\u00e9vrier 2024 \u00e0 20h00 Eglise Protestante de BOUXWILLER Autour de Sonates de JS et CPE BACH et de deux oeuvres de J-Ch ROSAZ oeuvre Laurien RIGHYNI viole de<a href=\"https:\/\/hortusmusicalis.fr\/?page_id=1139\" class=\"more-link\"><span class=\"readmore\">Continue reading<span class=\"screen-reader-text\">Saison 2024<\/span><\/span><\/a><\/p>\n","protected":false},"author":1,"featured_media":0,"parent":0,"menu_order":0,"comment_status":"closed","ping_status":"closed","template":"","meta":{"footnotes":""},"class_list":["post-1139","page","type-page","status-publish","hentry"],"_links":{"self":[{"href":"https:\/\/hortusmusicalis.fr\/index.php?rest_route=\/wp\/v2\/pages\/1139","targetHints":{"allow":["GET"]}}],"collection":[{"href":"https:\/\/hortusmusicalis.fr\/index.php?rest_route=\/wp\/v2\/pages"}],"about":[{"href":"https:\/\/hortusmusicalis.fr\/index.php?rest_route=\/wp\/v2\/types\/page"}],"author":[{"embeddable":true,"href":"https:\/\/hortusmusicalis.fr\/index.php?rest_route=\/wp\/v2\/users\/1"}],"replies":[{"embeddable":true,"href":"https:\/\/hortusmusicalis.fr\/index.php?rest_route=%2Fwp%2Fv2%2Fcomments&post=1139"}],"version-history":[{"count":1,"href":"https:\/\/hortusmusicalis.fr\/index.php?rest_route=\/wp\/v2\/pages\/1139\/revisions"}],"predecessor-version":[{"id":1140,"href":"https:\/\/hortusmusicalis.fr\/index.php?rest_route=\/wp\/v2\/pages\/1139\/revisions\/1140"}],"wp:attachment":[{"href":"https:\/\/hortusmusicalis.fr\/index.php?rest_route=%2Fwp%2Fv2%2Fmedia&parent=1139"}],"curies":[{"name":"wp","href":"https:\/\/api.w.org\/{rel}","templated":true}]}}