{"id":1284,"date":"2026-02-04T09:30:50","date_gmt":"2026-02-04T09:30:50","guid":{"rendered":"https:\/\/hortusmusicalis.fr\/?page_id=1284"},"modified":"2026-04-21T08:09:50","modified_gmt":"2026-04-21T08:09:50","slug":"accueil-2026","status":"publish","type":"page","link":"https:\/\/hortusmusicalis.fr\/","title":{"rendered":"Accueil 2026"},"content":{"rendered":"<p><a href=\"http:\/\/hortusmusicalis.fr\/wp-content\/uploads\/2026\/04\/Affiche-10-mai-2026-LPP-scaled.jpg\"><img loading=\"lazy\" decoding=\"async\" class=\"wp-image-1293 size-large aligncenter\" src=\"http:\/\/hortusmusicalis.fr\/wp-content\/uploads\/2026\/04\/Affiche-10-mai-2026-LPP-724x1024.jpg\" alt=\"\" width=\"724\" height=\"1024\" srcset=\"https:\/\/hortusmusicalis.fr\/wp-content\/uploads\/2026\/04\/Affiche-10-mai-2026-LPP-724x1024.jpg 724w, https:\/\/hortusmusicalis.fr\/wp-content\/uploads\/2026\/04\/Affiche-10-mai-2026-LPP-212x300.jpg 212w, https:\/\/hortusmusicalis.fr\/wp-content\/uploads\/2026\/04\/Affiche-10-mai-2026-LPP-768x1087.jpg 768w, https:\/\/hortusmusicalis.fr\/wp-content\/uploads\/2026\/04\/Affiche-10-mai-2026-LPP-1086x1536.jpg 1086w, https:\/\/hortusmusicalis.fr\/wp-content\/uploads\/2026\/04\/Affiche-10-mai-2026-LPP-1447x2048.jpg 1447w, https:\/\/hortusmusicalis.fr\/wp-content\/uploads\/2026\/04\/Affiche-10-mai-2026-LPP-scaled.jpg 1809w\" sizes=\"auto, (max-width: 724px) 100vw, 724px\" \/><\/a><\/p>\n<p align=\"CENTER\"><b>Jean-Fr\u00e9d\u00e9ric EDELMANN (1749-1794)<br \/>\n<\/b>Sonate 1 pour le clavecin avec accompagnement de violon<br \/>\nD\u00e9di\u00e9e \u00e0 Monsieur le Baron DE DIETRICH<br \/>\n<i>Avec pr\u00e9cipitation \u2013 d&rsquo;un ton plaintif \u2013 avec energie et pas tr\u00e8s vite<\/i><\/p>\n<p align=\"CENTER\"><b>Wolfgang Amadeus MOZART (1756-1791)<br \/>\n<\/b>Variations KV 265 sur \u00ab Ah vous dirais-je maman \u00bb pour piano<\/p>\n<p align=\"CENTER\"><b>Wolfgang Amadeus MOZART (1756-1791)<br \/>\n<\/b>Sonate n\u00b01 en ut majeur KV 6<br \/>\npour piano avec accompagnement de violon<br \/>\n<i>Allegro \u2013 Menuet 1 \u2013 Menuet 2 \u2013 Allegro molto<\/i><\/p>\n<p align=\"CENTER\"><b>Wolfgang Amadeus MOZART (1756-1791)<br \/>\n<\/b>Sonate pour piano en r\u00e9 majeur \u00e0 4 mains KV 481<br \/>\n<i>Allegro \u2013 Andante \u2013 Allegro molto<\/i><\/p>\n<p align=\"CENTER\"><b>Wolfgang Amadeus MOZART (1756-1791)<br \/>\n<\/b>Fantaisie en r\u00e9 mineur KV 397<br \/>\n<i>Andante \u2013 Adagio \u2013 Presto &#8211; Allegretto<\/i><\/p>\n<p align=\"CENTER\"><b>Franz Xaver RICHTER (1709-1789)<br \/>\n<\/b>Sonate 3 en sol majeur pour piano avec accompagnement de violon<br \/>\n<i>L&rsquo;intruduzzione. Andante \u2013 Tempo di minuettto poco Vivace<\/i><\/p>\n<p align=\"CENTER\">************************<br \/>\n<a href=\"http:\/\/hortusmusicalis.fr\/wp-content\/uploads\/2026\/04\/Affiche-MOLSHEIM-29-03-2026-scaled.jpg\"><br \/>\n<img loading=\"lazy\" decoding=\"async\" class=\"wp-image-1292 size-large aligncenter\" src=\"http:\/\/hortusmusicalis.fr\/wp-content\/uploads\/2026\/04\/Affiche-MOLSHEIM-29-03-2026-724x1024.jpg\" alt=\"\" width=\"724\" height=\"1024\" srcset=\"https:\/\/hortusmusicalis.fr\/wp-content\/uploads\/2026\/04\/Affiche-MOLSHEIM-29-03-2026-724x1024.jpg 724w, https:\/\/hortusmusicalis.fr\/wp-content\/uploads\/2026\/04\/Affiche-MOLSHEIM-29-03-2026-212x300.jpg 212w, https:\/\/hortusmusicalis.fr\/wp-content\/uploads\/2026\/04\/Affiche-MOLSHEIM-29-03-2026-768x1086.jpg 768w, https:\/\/hortusmusicalis.fr\/wp-content\/uploads\/2026\/04\/Affiche-MOLSHEIM-29-03-2026-1086x1536.jpg 1086w, https:\/\/hortusmusicalis.fr\/wp-content\/uploads\/2026\/04\/Affiche-MOLSHEIM-29-03-2026-1448x2048.jpg 1448w, https:\/\/hortusmusicalis.fr\/wp-content\/uploads\/2026\/04\/Affiche-MOLSHEIM-29-03-2026-scaled.jpg 1811w\" sizes=\"auto, (max-width: 724px) 100vw, 724px\" \/><\/a><\/p>\n<p>&nbsp;<\/p>\n<p align=\"CENTER\"><span style=\"color: #000000;\"><span style=\"font-family: Palatino, serif;\"><span style=\"font-size: large;\"><b>TENEBRAE<\/b><\/span><\/span><\/span><\/p>\n<p align=\"CENTER\"><span style=\"color: #000000;\"><span style=\"font-family: Palatino, serif;\"><span style=\"font-size: medium;\"><b>Guillaume-Gabriel NIVERS (1632-1714)<\/b><\/span><\/span><\/span><span style=\"color: #000000;\"><span style=\"font-family: Palatino, serif;\"><span style=\"font-size: medium;\"><br \/>\n<\/span><\/span><\/span><span style=\"color: #000000;\"><span style=\"font-family: Palatino, serif;\"><span style=\"font-size: medium;\">Pi\u00e8ces du 1er ton en alternance<\/span><\/span><\/span><span style=\"color: #000000;\"><span style=\"font-family: Palatino, serif;\"><span style=\"font-size: medium;\"><br \/>\n<\/span><\/span><\/span><span style=\"color: #000000;\"><span style=\"font-family: Palatino, serif;\"><span style=\"font-size: medium;\"><i>Hymnus \u00ab\u00a0 Vexilla regis \u00bb<\/i><\/span><\/span><\/span><span style=\"color: #000000;\"><span style=\"font-family: Palatino, serif;\"><span style=\"font-size: medium;\"><i>\u2028<\/i><\/span><\/span><\/span><\/p>\n<p align=\"CENTER\"><span style=\"color: #000000;\"><span style=\"font-family: Palatino, serif;\"><span style=\"font-size: medium;\"><b>Henry DUMONT (1610-1684) <\/b><\/span><\/span><\/span><span style=\"color: #000000;\"><span style=\"font-family: Palatino, serif;\"><span style=\"font-size: medium;\"><br \/>\n<\/span><\/span><\/span><span style=\"color: #000000;\"><span style=\"font-family: Palatino, serif;\"><span style=\"font-size: medium;\">Motets \u00e0 2 voix <\/span><\/span><\/span><span style=\"color: #000000;\"><span style=\"font-family: Palatino, serif;\"><span style=\"font-size: medium;\"><br \/>\nPavane<br \/>\n<\/span><\/span><\/span><span style=\"color: #000000;\"><span style=\"font-family: Palatino, serif;\"><span style=\"font-size: medium;\"><i>Miserere mei Domine <\/i><\/span><\/span><\/span><span style=\"color: #000000;\"><span style=\"font-family: Palatino, serif;\"><span style=\"font-size: medium;\"><i>\u2028<\/i><\/span><\/span><\/span><span style=\"color: #000000;\"><span style=\"font-family: Palatino, serif;\"><span style=\"font-size: medium;\"><br \/>\n<\/span><\/span><\/span><span style=\"color: #000000;\"><span style=\"font-family: Palatino, serif;\"><span style=\"font-size: medium;\">Allemande <\/span><\/span><\/span><span style=\"color: #000000;\"><span style=\"font-family: Palatino, serif;\"><span style=\"font-size: medium;\"><br \/>\n<\/span><\/span><\/span><span style=\"color: #000000;\"><span style=\"font-family: Palatino, serif;\"><span style=\"font-size: medium;\"><i>Quem admodum Desiderat cervus <\/i><\/span><\/span><\/span><\/p>\n<p align=\"CENTER\"><span style=\"color: #000000;\"><span style=\"font-family: Palatino, serif;\"><span style=\"font-size: medium;\"><b>Jacques BOYVIN (1649-1706)<\/b><\/span><\/span><\/span><span style=\"color: #000000;\"><span style=\"font-family: Palatino, serif;\"><span style=\"font-size: medium;\"><br \/>\n<\/span><\/span><\/span><span style=\"color: #000000;\"><span style=\"font-family: Palatino, serif;\"><span style=\"font-size: medium;\">2\u00e8me livre d\u2019orgue\u00a0: Pr\u00e9lude<br \/>\n<\/span><\/span><\/span><span style=\"color: #000000;\"><span style=\"font-family: Palatino, serif;\"><span style=\"font-size: medium;\"><b>Marc-Antoine CHARPENTIER (1643-1704)<\/b><\/span><\/span><\/span><span style=\"color: #000000;\"><span style=\"font-family: Palatino, serif;\"><span style=\"font-size: medium;\"><br \/>\n<\/span><\/span><\/span><span style=\"color: #000000;\"><span style=\"font-family: Palatino, serif;\"><span style=\"font-size: medium;\"><i>Tristis est anima mea H.126<br \/>\n<\/i><\/span><\/span><\/span><span style=\"color: #000000;\"><span style=\"font-family: Palatino, serif;\"><span style=\"font-size: medium;\"><b>Jacques BOYVIN (1649-1706)<\/b><\/span><\/span><\/span><span style=\"color: #000000;\"><span style=\"font-family: Palatino, serif;\"><span style=\"font-size: medium;\"><br \/>\n<\/span><\/span><\/span><span style=\"color: #000000;\"><span style=\"font-family: Palatino, serif;\"><span style=\"font-size: medium;\">2\u00e8me livre d\u2019orgue\u00a0: Fugue<\/span><\/span><\/span><\/p>\n<p align=\"CENTER\"><span style=\"color: #000000;\"><span style=\"font-family: Palatino, serif;\"><span style=\"font-size: medium;\"><b>Marc-Antoine CHARPENTIER (1643-1704)<\/b><\/span><\/span><\/span><span style=\"color: #000000;\"><span style=\"font-family: Palatino, serif;\"><span style=\"font-size: medium;\"><br \/>\n<\/span><\/span><\/span><span style=\"color: #000000;\"><span style=\"font-family: Palatino, serif;\"><span style=\"font-size: medium;\"><i>Miserere \u00e0 2 dessus H 157\u2028<\/i><\/span><\/span><\/span><\/p>\n<p align=\"CENTER\"><span style=\"color: #000000;\"><span style=\"font-family: Palatino, serif;\"><span style=\"font-size: medium;\"><b>Louis COUPERIN (1626-1661)<\/b><\/span><\/span><\/span><span style=\"color: #000000;\"><span style=\"font-family: Palatino, serif;\"><span style=\"font-size: medium;\"><br \/>\n<\/span><\/span><\/span><span style=\"color: #000000;\"><span style=\"font-family: Palatino, serif;\"><span style=\"font-size: medium;\">Fantaisie \u00ab\u00a0 Duretez\u00a0 \u00bb 1650 page 34<\/span><\/span><\/span><\/p>\n<p align=\"CENTER\"><span style=\"color: #2b2b2b;\"><span style=\"font-family: Palatino, serif;\"><span style=\"font-size: medium;\"><b>Fran\u00e7ois COUPERIN (1668-1733)<br \/>\n<\/b><\/span><\/span><\/span><span style=\"color: #2b2b2b;\"><span style=\"font-family: Palatino, serif;\"><span style=\"font-size: medium;\"><b>Le\u00e7ons de T\u00e9n\u00e8bres du Mercredi-Saint <\/b><\/span><\/span><\/span><span style=\"color: #000000;\"><span style=\"font-family: Palatino, serif;\"><span style=\"font-size: medium;\"><br \/>\n<\/span><\/span><\/span><span style=\"color: #2b2b2b;\"><span style=\"font-family: Palatino, serif;\"><span style=\"font-size: medium;\"><i>Troisi\u00e8me le\u00e7on du premier jour <\/i><\/span><\/span><\/span><span style=\"color: #000000;\"><span style=\"font-family: Palatino, serif;\"><span style=\"font-size: medium;\">\u2028<\/span><\/span><\/span><span style=\"color: #2b2b2b;\"><span style=\"font-family: Palatino, serif;\"><span style=\"font-size: medium;\"><i>\u00e0 2 voix et continuo<\/i><\/span><\/span><\/span><span style=\"color: #000000;\"><span style=\"font-family: Palatino, serif;\"><span style=\"font-size: medium;\"><br \/>\n<\/span><\/span><\/span><span style=\"color: #2b2b2b;\"><span style=\"font-family: Palatino, serif;\"><span style=\"font-size: medium;\"><i>Jod, Caph, Lamed, Mem, Nun, Jerusalem. <\/i><\/span><\/span><\/span><\/p>\n<p style=\"text-align: center;\">*****************************<\/p>\n<p><a href=\"http:\/\/hortusmusicalis.fr\/wp-content\/uploads\/2026\/02\/Affiche-BACH-Simeon-2026-scaled.jpg\"><img loading=\"lazy\" decoding=\"async\" class=\"aligncenter wp-image-1286 size-large\" src=\"http:\/\/hortusmusicalis.fr\/wp-content\/uploads\/2026\/02\/Affiche-BACH-Simeon-2026-724x1024.jpg\" alt=\"\" width=\"724\" height=\"1024\" srcset=\"https:\/\/hortusmusicalis.fr\/wp-content\/uploads\/2026\/02\/Affiche-BACH-Simeon-2026-724x1024.jpg 724w, https:\/\/hortusmusicalis.fr\/wp-content\/uploads\/2026\/02\/Affiche-BACH-Simeon-2026-212x300.jpg 212w, https:\/\/hortusmusicalis.fr\/wp-content\/uploads\/2026\/02\/Affiche-BACH-Simeon-2026-768x1086.jpg 768w, https:\/\/hortusmusicalis.fr\/wp-content\/uploads\/2026\/02\/Affiche-BACH-Simeon-2026-1086x1536.jpg 1086w, https:\/\/hortusmusicalis.fr\/wp-content\/uploads\/2026\/02\/Affiche-BACH-Simeon-2026-1448x2048.jpg 1448w, https:\/\/hortusmusicalis.fr\/wp-content\/uploads\/2026\/02\/Affiche-BACH-Simeon-2026-scaled.jpg 1811w\" sizes=\"auto, (max-width: 724px) 100vw, 724px\" \/><\/a><\/p>\n<p align=\"CENTER\"><span style=\"font-size: x-large;\"><b>Cantates JS BACH<br \/>\n<\/b><\/span><span style=\"font-size: x-large;\"><b>Ste Aur\u00e9lie STRASBOURG<br \/>\n15 f\u00e9vrier 2026 \u00e0 17h00<\/b><\/span><\/p>\n<p align=\"CENTER\"><span style=\"font-size: large;\"><b>Ensemble HORTUS MUSICALIS<br \/>\n<\/b><\/span><span style=\"font-size: large;\"><b>Orchestre baroque STRASBOURG-ORTENAU<br \/>\n<\/b><\/span><span style=\"font-size: large;\"><b>Jean-Luc IFFRIG direction<\/b><\/span><\/p>\n<p align=\"CENTER\"><span style=\"font-size: large;\"><b><span style=\"color: #000000;\">Dietrich BUXTEHUDE (1637-1707)<\/span><br \/>\n<\/b><\/span>Mit Fried und Freud ich fahr dahin<br \/>\nContrapunctus 1 orgue + Soprano<br \/>\nContrapunctus 2 orgue + Basse<br \/>\nContrapunctus 3 orgue + Soprano<br \/>\nContrapunctus 4 orgue + Basse<\/p>\n<p align=\"CENTER\">Klag-Lied 2 violons, continuo et soprano<\/p>\n<p align=\"CENTER\"><span style=\"font-size: large; color: #000000;\"><b>Johann Sebastian BACH (1685-1750)<\/b><\/span><\/p>\n<p align=\"CENTER\"><span style=\"font-size: large;\"><b>Nach dir, Herr, verlanget mich BWV 150<br \/>\n<\/b><\/span>4 voix, 2 violons, basson, continuo<\/p>\n<p align=\"CENTER\">orgue Trio BWV 583<br \/>\n<span style=\"font-size: large;\"><b>Ich habe genug BWV 82<br \/>\n<\/b><\/span>Version Contre-t\u00e9nor avec hautbois<\/p>\n<p align=\"CENTER\">orgue\u00a0: Mit Fried un Freud ich fahr&rsquo; dahin BWV 616 (Orgelb\u00fcchlein\u00a0)<br \/>\n<span style=\"font-size: large;\"><b>Mit Fried und Freud ich fahr dahin BWV 125<br \/>\n<\/b><\/span><span style=\"font-size: medium;\">4 voix et orchestre<\/span><\/p>\n<p align=\"CENTER\"><b>Solistes<br \/>\n<\/b><span style=\"font-size: 1rem;\">Ga Young LIM Soprano<br \/>\n<\/span>St\u00e9phane WOLF Contre-t\u00e9nor<br \/>\nGabriel BOILEAU-CLOUTIER T\u00e9nor<br \/>\nAkash GADAMSETTY Baryton<\/p>\n<p align=\"CENTER\">Ad\u00e8le GORNET clavecin<br \/>\nJ\u00e9rome MONDEDERT orgue<br \/>\nFreddy EICHELBERGER orgue<\/p>\n","protected":false},"excerpt":{"rendered":"<p>Jean-Fr\u00e9d\u00e9ric EDELMANN (1749-1794) Sonate 1 pour le clavecin avec accompagnement de violon D\u00e9di\u00e9e \u00e0 Monsieur le Baron DE DIETRICH Avec pr\u00e9cipitation \u2013 d&rsquo;un ton plaintif \u2013 avec energie et pas<a href=\"https:\/\/hortusmusicalis.fr\/\" class=\"more-link\"><span class=\"readmore\">Continue reading<span class=\"screen-reader-text\">Accueil 2026<\/span><\/span><\/a><\/p>\n","protected":false},"author":1,"featured_media":0,"parent":0,"menu_order":0,"comment_status":"closed","ping_status":"closed","template":"","meta":{"footnotes":""},"class_list":["post-1284","page","type-page","status-publish","hentry"],"_links":{"self":[{"href":"https:\/\/hortusmusicalis.fr\/index.php?rest_route=\/wp\/v2\/pages\/1284","targetHints":{"allow":["GET"]}}],"collection":[{"href":"https:\/\/hortusmusicalis.fr\/index.php?rest_route=\/wp\/v2\/pages"}],"about":[{"href":"https:\/\/hortusmusicalis.fr\/index.php?rest_route=\/wp\/v2\/types\/page"}],"author":[{"embeddable":true,"href":"https:\/\/hortusmusicalis.fr\/index.php?rest_route=\/wp\/v2\/users\/1"}],"replies":[{"embeddable":true,"href":"https:\/\/hortusmusicalis.fr\/index.php?rest_route=%2Fwp%2Fv2%2Fcomments&post=1284"}],"version-history":[{"count":4,"href":"https:\/\/hortusmusicalis.fr\/index.php?rest_route=\/wp\/v2\/pages\/1284\/revisions"}],"predecessor-version":[{"id":1290,"href":"https:\/\/hortusmusicalis.fr\/index.php?rest_route=\/wp\/v2\/pages\/1284\/revisions\/1290"}],"wp:attachment":[{"href":"https:\/\/hortusmusicalis.fr\/index.php?rest_route=%2Fwp%2Fv2%2Fmedia&parent=1284"}],"curies":[{"name":"wp","href":"https:\/\/api.w.org\/{rel}","templated":true}]}}